{"id":60721,"date":"2015-08-25T15:37:49","date_gmt":"2015-08-25T15:37:49","guid":{"rendered":"http:\/\/stg-web-bettingbwin-01.gp-cloud.com\/en\/?page_id=60721"},"modified":"2025-11-20T13:12:36","modified_gmt":"2025-11-20T12:12:36","slug":"tutti-gli-autori","status":"publish","type":"page","link":"https:\/\/www.bwin.it\/it\/news\/tutti-gli-autori","title":{"rendered":"Tutti gli autori di bwin news"},"content":{"rendered":"<div class=\"wpb-content-wrapper\"><p>[vc_row][vc_column][vc_column_text]Qui conoscerete il gruppo dei nostri autori di bwin news. Un insieme di giornalisti, esperti, analisti, grafici e quotisti ma soprattutto appassionati, che vi aiuteranno a entrare nel cuore dei principali eventi sportivi.<\/p>\n<p>Soprattutto un gruppo di appassionati, perch\u00e9 senza passione \u00e8 impossibile raccontare il meglio del calcio, del basket e degli altri sport senza dare l\u2019impressione di qualcosa di gi\u00e0 visto altrove. Su <a href=\"https:\/\/www.bwin.it\/it\/news\/chi-siamo\">bwin news<\/a> la narrazione sportiva si sposa con la passione, senza disdegnare un occhio alle quote pi\u00f9 interessanti e vantaggiose del mercato.[\/vc_column_text][\/vc_column][\/vc_row][vc_row][vc_column width=&#8221;3\/4&#8243;][vc_column_text]<\/p>\n<h2>Emanuele Celeste<\/h2>\n<p>Attivo nel campo della comunicazione e dell&#8217;informazione dal 2007. Grazie alla lunga esperienza presso eventi e conferenze pu\u00f2 vantare in bacheca centinaia di interventi radiotelevisivi anche con personaggi del mondo dello spettacolo e dello sport, mentre gli incarichi da social media manager lo hanno portato a scoprire anche gli angoli pi\u00f9 remoti della rete. Non perde mai di vista tutto ci\u00f2 che \u00e8 di attualit\u00e0.<\/p>\n<p>Tutti gli articoli di <a href=\"https:\/\/www.bwin.it\/it\/news\/author\/e-celeste\">Emanuele Celeste<\/a>.[\/vc_column_text][\/vc_column][vc_column width=&#8221;1\/4&#8243;][vc_single_image image=&#8221;455238&#8243;][\/vc_column][\/vc_row][vc_row][vc_column width=&#8221;3\/4&#8243;][vc_column_text]<\/p>\n<h2>Sara Ghisoni<\/h2>\n<p>Classe 1995, nata e cresciuta in provincia di Piacenza, si \u00e8 laureata in Scienze Storiche presso l\u2019Universit\u00e0 degli studi Milano dopo un\u2019esperienza di studio all\u2019estero. Ha lasciato il cuore a Parigi ma ora vive e lavora a Milano. Appassionata da sempre del mondo del pallone, ha iniziato a scrivere per diletto riuscendo poi a trasformare la passione in una professione. In ambito sportivo si \u00e8 occupata prima di calcio femminile e poi di tornei maschili. Ha collaborato con varie testate locali e nazionali.<\/p>\n<p>Tutti gli articoli di <a href=\"https:\/\/www.bwin.it\/it\/news\/author\/s-ghisoni\">Sara Ghisoni<\/a>.[\/vc_column_text][\/vc_column][vc_column width=&#8221;1\/4&#8243;][vc_single_image image=&#8221;455247&#8243;][\/vc_column][\/vc_row][vc_row][vc_column width=&#8221;3\/4&#8243;][vc_column_text]<\/p>\n<h2>Massimiliano Ciancaglioni<\/h2>\n<p>Classe 1995, nato e cresciuto a Roma, si \u00e8 laureato in Editoria e Scrittura alla Sapienza. Dal 2019 lavora come redattore freelance occupandosi soprattutto di sport e come copywriter in ambito betting, ma scrive anche di economia e attualit\u00e0. Nel tempo libero ama individuare luoghi che non conosce per organizzare i suoi prossimi viaggi, la sua seconda passione dopo il calcio.<\/p>\n<p>Tutti gli articoli di <a href=\"https:\/\/www.bwin.it\/it\/news\/author\/m-ciancaglioni\">Massimiliano Ciancaglioni<\/a>.[\/vc_column_text][\/vc_column][vc_column width=&#8221;1\/4&#8243;][vc_single_image image=&#8221;455223&#8243;][\/vc_column][\/vc_row][vc_row][vc_column width=&#8221;3\/4&#8243;][vc_column_text]<\/p>\n<h2><strong>Paolo Cola<\/strong><\/h2>\n<p>Giornalista dal 2004, appassionato di numeri applicati allo sport, ha lavorato per numerose agenzie, testate e data provider tra cui Datasport, STATS, Opta, Blogosfere, Triboo e FoxSports, e ancora non ha dovuto assoldare alcun pretoriano per la propria sicurezza. Presto fu tardi nella sua vita, ma lui non si \u00e8 mai rassegnato e continua a collezionare libri di carta, fatti proprio di quel materiale l\u00ec. La responsabilit\u00e0 per ci\u00f2 che pensa e scrive \u00e8 sua, per la faccia citofonare a sua mamma.<\/p>\n<p>Tutti gli articoli di <a href=\"https:\/\/www.bwin.it\/it\/news\/author\/paolo-cola\">Paolo Cola<\/a>.[\/vc_column_text][\/vc_column][vc_column width=&#8221;1\/4&#8243;][vc_single_image image=&#8221;346173&#8243;][\/vc_column][\/vc_row][vc_row][vc_column width=&#8221;3\/4&#8243;][vc_column_text]<\/p>\n<h2><strong>Riccardo Mantica<\/strong><\/h2>\n<p>Classe 1976, precoce calciofilo, si tiene stretto il suo Atari 800 XL, quando i giochi giravano a 64 kb e ancor. Juventino doc, Roby Baggio in camera, \u00e8 stato per\u00f2 soprattutto un provetto playmaker con gran tiro da tre punti. Peccato per i centimetri mancanti. Ayrton Senna nel cuore con un sogno nel cassetto: guidare una F1. \u00c8 rimasto un sogno, forse \u00e8 meglio cos\u00ec per tutti. Nel mondo dell\u2019editoria online dal 2001, specializzato in sport, tech e motori. Il suo motto bonipertiano \u2013 vincere non \u00e8 importante, \u00e8 l\u2019unica cosa che conta \u2013 sembra particolarmente beneaugurante per gli appassionati di betting.<\/p>\n<p>Tutti gli articoli di <a href=\"https:\/\/www.bwin.it\/it\/news\/author\/riccardo-mantica\">Riccardo Mantica<\/a>.[\/vc_column_text][\/vc_column][vc_column width=&#8221;1\/4&#8243;][vc_single_image image=&#8221;346179&#8243;][\/vc_column][\/vc_row][vc_row][vc_column width=&#8221;3\/4&#8243;][vc_column_text]<\/p>\n<h2><strong>Davide Martini<\/strong><\/h2>\n<p>La leggenda tramanda che, circa sei mesi prima di vedere la luce, sua madre sia stata colpita nel pancione da una pallonata accidentale del fratello. Un episodio che spiegherebbe, tra le altre cose, la precoce folgorazione per lo sport e il calcio in particolare. A un anno sventolava una bandiera tricolore per la vittoria dell\u2019Italia al Mondiale (non specifichiamo quale, ma non \u00e8 quello del \u201838), a sette le sue domeniche erano gi\u00e0 scandite da \u2018Tutto il calcio minuto per minuto\u2019. \u00c8 nato a Parma ma oggi vive in Brianza, consapevole che a raccontare lo sport fa meno danni che a giocarlo. Canticchia, suonicchia e scribacchia, ogni tanto anche qualche e-book per diletto. E da qualche parte nasconde un patentino da allenatore.<\/p>\n<p>Tutti gli articoli di <a href=\"https:\/\/www.bwin.it\/it\/news\/author\/davide-martini\">Davide Martini<\/a>.[\/vc_column_text][\/vc_column][vc_column width=&#8221;1\/4&#8243;][vc_single_image image=&#8221;346182&#8243;][\/vc_column][\/vc_row][vc_row][vc_column width=&#8221;3\/4&#8243;][vc_column_text]<\/p>\n<h2><strong>Luca Reverberi<\/strong><\/h2>\n<p>Nato nella parte pi\u00f9 nascosta e perduta della bassa modenese, dove si perde nella nebbia perfino la nebbia, ma adottato da Milano. Si \u00e8 cimentato in una moltitudine di sport differenti ma non avendo ereditato nessun particolare superpotere a livello agonistico, inizia a trovare il giusto sfogo nella scrittura e nell\u2019analisi. Entrato in questo mondo non ne \u00e8 pi\u00f9 uscito, nonostante le indicazioni fossero piuttosto chiare, e oggi, tra le altre cose, si dedica al betting, tanto da essersi guadagnato il nome di Akinator delle previsioni presso certa stampa sovversiva.<\/p>\n<p>Tutti gli articoli di <a href=\"https:\/\/www.bwin.it\/it\/news\/author\/luca-reverberi\">Luca Reverberi<\/a>.[\/vc_column_text][\/vc_column][vc_column width=&#8221;1\/4&#8243;][vc_single_image image=&#8221;346185&#8243;][\/vc_column][\/vc_row][vc_row][vc_column width=&#8221;3\/4&#8243;][vc_column_text]<\/p>\n<h2><strong>Lorenzo Manelfi<\/strong><\/h2>\n<p>Nato a Roma ma come direbbe Brignano \u201cnon \u00e8 colpa mia\u201d, e cresciuto nell\u2019eterna sfida tra matriciana e carbonara: a distanza di anni ancora non ha capito chi vince, ma sicuramente non il suo fegato. Fortunatamente il fisico ha retto grazie allo sport e allo stress. Da piccolo, dopo anni di nuoto passati pi\u00f9 che altro a galleggiare, ha pensato di valorizzare nel basket i suoi 170 cm, prima che lo studio si rivelasse la strada pi\u00f9 propizia. Non ha comunque smesso con lo sport, anche se adesso si limita a biliardo e poker. E al betting, of course.<\/p>\n<p>Tutti gli articoli di <a href=\"https:\/\/www.bwin.it\/it\/news\/author\/lorenzo-manelfi\">Lorenzo Manelfi<\/a>.[\/vc_column_text][\/vc_column][vc_column width=&#8221;1\/4&#8243;][vc_single_image image=&#8221;346176&#8243;][\/vc_column][\/vc_row][vc_row][vc_column width=&#8221;3\/4&#8243;][vc_column_text]<\/p>\n<h2><strong>Marco Bardi<\/strong><\/h2>\n<p>Nato a Spilimbergo, in provincia di Pordenone, ma quando esce dall\u2019Italia per comodit\u00e0 dice a tutti \u201cnear to Venice\u201d. Cresciuto con il sogno milanese e lo sta realizzando, anche se il suo portafogli non la pensa allo stesso modo. Suo padre l\u2019ha chiamato Marco per un motivo, Marco Van Basten. Per sua fortuna a 25 anni ha ancora le caviglie sane e riesce a camminare. Laurea, Master ma soprattutto pro player di Fifa: una volta ha vinto 20 euro ad un torneo di paese e li ha sperperati per completare il deck di Yu-Gi-Oh! Ama la domenica perch\u00e9 con le partite ad ogni ora non pu\u00f2 uscire di casa.<\/p>\n<p>Tutti gli articoli di <a href=\"https:\/\/www.bwin.it\/it\/news\/author\/marco-bardi\">Marco Bardi<\/a>.[\/vc_column_text][\/vc_column][vc_column width=&#8221;1\/4&#8243;][vc_single_image image=&#8221;375267&#8243;][\/vc_column][\/vc_row][vc_row][vc_column width=&#8221;3\/4&#8243;][vc_column_text]<\/p>\n<h2><strong>Dionigi Andreano<\/strong><\/h2>\n<p>Nato all\u2019ombra del Vesuvio nell\u2019anno in cui Don\u2019t Look Back in Anger degli Oasis impazzava in tutte le radio, da bambino \u00e8 stato portato prima allo Stadio San Paolo e poi all\u2019asilo. Da buon partenopeo si definisce un vulcano di idee e creativit\u00e0, ma qualcuno dice che la sua voce supera di qualche decibel il limite accettato per una serena e civile convivenza. Proprio per questo decide di cominciare a fare radio, per poi iniziare a scrivere, per poi studiare nuovi media e infine per vivere di ci\u00f2 che ama: lo sport, nel giusto mix con la musica, in particolare quella che non piace al 96,8 % dei suoi coetanei, secondo un\u2019approfondita indagine condotta sulle Instagram Stories. Oggi vive sull\u2019asse Napoli-Milano perch\u00e9 non riesce a scegliere tra una pizza sul lungomare e una birra sui navigli: perci\u00f2 ha deciso di prendere il meglio di entrambe le citt\u00e0, confidando che un giorno il progresso tecnologico possa regalargli la bilocazione o il teletrasporto.<\/p>\n<p>Tutti gli articoli di <a href=\"https:\/\/www.bwin.it\/it\/news\/author\/dionigi-andreano\">Dionigi Andreano<\/a>.[\/vc_column_text][\/vc_column][vc_column width=&#8221;1\/4&#8243;][vc_single_image image=&#8221;375270&#8243;][\/vc_column][\/vc_row][vc_row][vc_column width=&#8221;3\/4&#8243;][vc_column_text][vc_row][vc_column width=&#8221;3\/4&#8243;][vc_column_text]Altri autori che hanno collaborato con bwin News: <a href=\"https:\/\/www.bwin.it\/it\/news\/author\/domenico-gioffre\">Domenico Gioffr\u00e8<\/a>, <a href=\"https:\/\/www.bwin.it\/it\/news\/author\/scola\">Simone Cola<\/a>, <a href=\"https:\/\/www.bwin.it\/it\/news\/author\/claudio-poggi\">Claudio Poggi<\/a>, <a href=\"https:\/\/www.bwin.it\/it\/news\/author\/lvendrame\">Luca Vendrame<\/a>,\u00a0<a href=\"https:\/\/www.bwin.it\/it\/news\/author\/andrea-repossi\">Andrea Repossi<\/a>,\u00a0<a href=\"https:\/\/www.bwin.it\/it\/news\/author\/claudio-maglieri\">Claudio Maglieri,<\/a> <a href=\"https:\/\/www.bwin.it\/it\/news\/author\/niccolo-franchini\">Niccol\u00f3 Franchini<\/a>, <a href=\"https:\/\/www.bwin.it\/it\/news\/author\/marco-barzizza\">Marco Barzizza<\/a> e <a href=\"https:\/\/www.bwin.it\/it\/news\/author\/piergiuseppe\">Piergiuseppe Pinto<\/a>.[\/vc_column_text][\/vc_column][vc_column width=&#8221;1\/4&#8243;][\/vc_column][\/vc_row]<\/p>\n<\/div>","protected":false},"excerpt":{"rendered":"<p>[vc_row][vc_column][vc_column_text]Qui conoscerete il gruppo dei nostri autori di bwin news. Un insieme di giornalisti, esperti, analisti, grafici e quotisti ma soprattutto appassionati, che vi aiuteranno a entrare nel cuore dei principali eventi sportivi. Soprattutto un gruppo di appassionati, perch\u00e9 senza passione \u00e8 impossibile raccontare il meglio del calcio, del basket &#8230; <a title=\"Tutti gli autori di bwin news\" class=\"read-more\" href=\"https:\/\/www.bwin.it\/it\/news\/tutti-gli-autori\" aria-label=\"Per saperne di pi\u00f9 su Tutti gli autori di bwin news\">Leggi tutto<\/a><\/p>\n","protected":false},"author":151,"featured_media":0,"parent":0,"menu_order":0,"comment_status":"closed","ping_status":"closed","template":"","meta":{"_acf_changed":false,"footnotes":""},"class_list":{"0":"post-60721","1":"page","2":"type-page","3":"status-publish","4":"has-post-thumbnail","6":"no-featured-image-padding"},"acf":[],"yoast_head":"<!-- This site is optimized with the Yoast SEO plugin v24.3 - https:\/\/yoast.com\/wordpress\/plugins\/seo\/ -->\n<title>Tutti gli autori di bwin news<\/title>\n<meta name=\"description\" content=\"In questa pagina le info di tutti gli autori che scrivono analisi, preview e approfondimenti su bwin news, tenendovi informati sul mondo dello sport.\" \/>\n<meta name=\"robots\" content=\"index, follow, max-snippet:-1, max-image-preview:large, max-video-preview:-1\" \/>\n<link rel=\"canonical\" href=\"https:\/\/www.bwin.it\/it\/news\/tutti-gli-autori\" \/>\n<meta property=\"og:locale\" content=\"it_IT\" \/>\n<meta property=\"og:type\" content=\"article\" \/>\n<meta property=\"og:title\" content=\"Tutti gli autori di bwin news\" \/>\n<meta property=\"og:description\" content=\"In questa pagina le info di tutti gli autori che scrivono analisi, preview e approfondimenti su bwin news, tenendovi informati sul mondo dello sport.\" \/>\n<meta property=\"og:url\" content=\"https:\/\/www.bwin.it\/it\/news\/tutti-gli-autori\" \/>\n<meta property=\"og:site_name\" content=\"bwin news\" \/>\n<meta property=\"article:modified_time\" content=\"2025-11-20T12:12:36+00:00\" \/>\n<meta name=\"twitter:label1\" content=\"Tempo di lettura stimato\" \/>\n\t<meta name=\"twitter:data1\" content=\"7 minuti\" \/>\n<script type=\"application\/ld+json\" class=\"yoast-schema-graph\">{\"@context\":\"https:\/\/schema.org\",\"@graph\":[{\"@type\":\"WebPage\",\"@id\":\"https:\/\/www.bwin.it\/it\/news\/tutti-gli-autori\",\"url\":\"https:\/\/www.bwin.it\/it\/news\/tutti-gli-autori\",\"name\":\"Tutti gli autori di bwin news\",\"isPartOf\":{\"@id\":\"https:\/\/sports.bwin.it\/it\/news\/#website\"},\"datePublished\":\"2015-08-25T15:37:49+00:00\",\"dateModified\":\"2025-11-20T12:12:36+00:00\",\"description\":\"In questa pagina le info di tutti gli autori che scrivono analisi, preview e approfondimenti su bwin news, tenendovi informati sul mondo dello sport.\",\"breadcrumb\":{\"@id\":\"https:\/\/www.bwin.it\/it\/news\/tutti-gli-autori#breadcrumb\"},\"inLanguage\":\"it-IT\",\"potentialAction\":[{\"@type\":\"ReadAction\",\"target\":[\"https:\/\/www.bwin.it\/it\/news\/tutti-gli-autori\"]}]},{\"@type\":\"BreadcrumbList\",\"@id\":\"https:\/\/www.bwin.it\/it\/news\/tutti-gli-autori#breadcrumb\",\"itemListElement\":[{\"@type\":\"ListItem\",\"position\":1,\"name\":\"Home\",\"item\":\"https:\/\/sports.bwin.it\/it\/news\/\"},{\"@type\":\"ListItem\",\"position\":2,\"name\":\"Tutti gli autori di bwin news\"}]},{\"@type\":\"WebSite\",\"@id\":\"https:\/\/sports.bwin.it\/it\/news\/#website\",\"url\":\"https:\/\/sports.bwin.it\/it\/news\/\",\"name\":\"bwin news\",\"description\":\"\",\"publisher\":{\"@id\":\"https:\/\/sports.bwin.it\/it\/news\/#organization\"},\"potentialAction\":[{\"@type\":\"SearchAction\",\"target\":{\"@type\":\"EntryPoint\",\"urlTemplate\":\"https:\/\/sports.bwin.it\/it\/news\/?s={search_term_string}\"},\"query-input\":{\"@type\":\"PropertyValueSpecification\",\"valueRequired\":true,\"valueName\":\"search_term_string\"}}],\"inLanguage\":\"it-IT\"},{\"@type\":\"Organization\",\"@id\":\"https:\/\/sports.bwin.it\/it\/news\/#organization\",\"name\":\"bwin news\",\"url\":\"https:\/\/sports.bwin.it\/it\/news\/\",\"logo\":{\"@type\":\"ImageObject\",\"inLanguage\":\"it-IT\",\"@id\":\"https:\/\/sports.bwin.it\/it\/news\/#\/schema\/logo\/image\/\",\"url\":\"https:\/\/www.bwin.it\/it\/news\/wp-content\/uploads\/2023\/04\/cropped-1060x400-bwin.news_.png\",\"contentUrl\":\"https:\/\/www.bwin.it\/it\/news\/wp-content\/uploads\/2023\/04\/cropped-1060x400-bwin.news_.png\",\"width\":1060,\"height\":400,\"caption\":\"bwin news\"},\"image\":{\"@id\":\"https:\/\/sports.bwin.it\/it\/news\/#\/schema\/logo\/image\/\"}}]}<\/script>\n<!-- \/ Yoast SEO plugin. -->","yoast_head_json":{"title":"Tutti gli autori di bwin news","description":"In questa pagina le info di tutti gli autori che scrivono analisi, preview e approfondimenti su bwin news, tenendovi informati sul mondo dello sport.","robots":{"index":"index","follow":"follow","max-snippet":"max-snippet:-1","max-image-preview":"max-image-preview:large","max-video-preview":"max-video-preview:-1"},"canonical":"https:\/\/www.bwin.it\/it\/news\/tutti-gli-autori","og_locale":"it_IT","og_type":"article","og_title":"Tutti gli autori di bwin news","og_description":"In questa pagina le info di tutti gli autori che scrivono analisi, preview e approfondimenti su bwin news, tenendovi informati sul mondo dello sport.","og_url":"https:\/\/www.bwin.it\/it\/news\/tutti-gli-autori","og_site_name":"bwin news","article_modified_time":"2025-11-20T12:12:36+00:00","twitter_misc":{"Tempo di lettura stimato":"7 minuti"},"schema":{"@context":"https:\/\/schema.org","@graph":[{"@type":"WebPage","@id":"https:\/\/www.bwin.it\/it\/news\/tutti-gli-autori","url":"https:\/\/www.bwin.it\/it\/news\/tutti-gli-autori","name":"Tutti gli autori di bwin news","isPartOf":{"@id":"https:\/\/sports.bwin.it\/it\/news\/#website"},"datePublished":"2015-08-25T15:37:49+00:00","dateModified":"2025-11-20T12:12:36+00:00","description":"In questa pagina le info di tutti gli autori che scrivono analisi, preview e approfondimenti su bwin news, tenendovi informati sul mondo dello sport.","breadcrumb":{"@id":"https:\/\/www.bwin.it\/it\/news\/tutti-gli-autori#breadcrumb"},"inLanguage":"it-IT","potentialAction":[{"@type":"ReadAction","target":["https:\/\/www.bwin.it\/it\/news\/tutti-gli-autori"]}]},{"@type":"BreadcrumbList","@id":"https:\/\/www.bwin.it\/it\/news\/tutti-gli-autori#breadcrumb","itemListElement":[{"@type":"ListItem","position":1,"name":"Home","item":"https:\/\/sports.bwin.it\/it\/news\/"},{"@type":"ListItem","position":2,"name":"Tutti gli autori di bwin news"}]},{"@type":"WebSite","@id":"https:\/\/sports.bwin.it\/it\/news\/#website","url":"https:\/\/sports.bwin.it\/it\/news\/","name":"bwin news","description":"","publisher":{"@id":"https:\/\/sports.bwin.it\/it\/news\/#organization"},"potentialAction":[{"@type":"SearchAction","target":{"@type":"EntryPoint","urlTemplate":"https:\/\/sports.bwin.it\/it\/news\/?s={search_term_string}"},"query-input":{"@type":"PropertyValueSpecification","valueRequired":true,"valueName":"search_term_string"}}],"inLanguage":"it-IT"},{"@type":"Organization","@id":"https:\/\/sports.bwin.it\/it\/news\/#organization","name":"bwin news","url":"https:\/\/sports.bwin.it\/it\/news\/","logo":{"@type":"ImageObject","inLanguage":"it-IT","@id":"https:\/\/sports.bwin.it\/it\/news\/#\/schema\/logo\/image\/","url":"https:\/\/www.bwin.it\/it\/news\/wp-content\/uploads\/2023\/04\/cropped-1060x400-bwin.news_.png","contentUrl":"https:\/\/www.bwin.it\/it\/news\/wp-content\/uploads\/2023\/04\/cropped-1060x400-bwin.news_.png","width":1060,"height":400,"caption":"bwin news"},"image":{"@id":"https:\/\/sports.bwin.it\/it\/news\/#\/schema\/logo\/image\/"}}]}},"_links":{"self":[{"href":"https:\/\/www.bwin.it\/it\/news\/wp-json\/wp\/v2\/pages\/60721","targetHints":{"allow":["GET"]}}],"collection":[{"href":"https:\/\/www.bwin.it\/it\/news\/wp-json\/wp\/v2\/pages"}],"about":[{"href":"https:\/\/www.bwin.it\/it\/news\/wp-json\/wp\/v2\/types\/page"}],"author":[{"embeddable":true,"href":"https:\/\/www.bwin.it\/it\/news\/wp-json\/wp\/v2\/users\/151"}],"replies":[{"embeddable":true,"href":"https:\/\/www.bwin.it\/it\/news\/wp-json\/wp\/v2\/comments?post=60721"}],"version-history":[{"count":19,"href":"https:\/\/www.bwin.it\/it\/news\/wp-json\/wp\/v2\/pages\/60721\/revisions"}],"predecessor-version":[{"id":575091,"href":"https:\/\/www.bwin.it\/it\/news\/wp-json\/wp\/v2\/pages\/60721\/revisions\/575091"}],"wp:attachment":[{"href":"https:\/\/www.bwin.it\/it\/news\/wp-json\/wp\/v2\/media?parent=60721"}],"curies":[{"name":"wp","href":"https:\/\/api.w.org\/{rel}","templated":true}]}}